{"id":286,"date":"2022-03-02T23:27:54","date_gmt":"2022-03-02T22:27:54","guid":{"rendered":"https:\/\/www.arniestetista.it\/?page_id=286"},"modified":"2022-04-07T19:55:13","modified_gmt":"2022-04-07T17:55:13","slug":"286-2","status":"publish","type":"page","link":"https:\/\/www.arniestetista.it\/?page_id=286","title":{"rendered":"SERVIZI- manicure e pedicure"},"content":{"rendered":"<p>[et_pb_section fb_built=&#8221;1&#8243; admin_label=&#8221;Special Offer&#8221; _builder_version=&#8221;4.14.9&#8243; background_color=&#8221;gcid-60ffdbb9-bd36-4ca5-9e15-712ccf5e2c68&#8243; background_image=&#8221;https:\/\/www.arniestetista.it\/wp-content\/uploads\/2022\/03\/Risorsa-4-1.png&#8221; background_position=&#8221;bottom_left&#8221; min_height=&#8221;582px&#8221; custom_padding=&#8221;0px||||false|false&#8221; global_colors_info=&#8221;{%22gcid-60ffdbb9-bd36-4ca5-9e15-712ccf5e2c68%22:%91%22background_color%22%93}&#8221;][et_pb_row disabled_on=&#8221;on|off|on&#8221; _builder_version=&#8221;4.14.9&#8243; _module_preset=&#8221;default&#8221; custom_margin=&#8221;20px||||false|false&#8221; global_colors_info=&#8221;{}&#8221;][et_pb_column type=&#8221;4_4&#8243; _builder_version=&#8221;4.14.7&#8243; _module_preset=&#8221;default&#8221; global_colors_info=&#8221;{}&#8221;][et_pb_text _builder_version=&#8221;4.14.9&#8243; _module_preset=&#8221;default&#8221; text_font=&#8221;Prata||||||||&#8221; text_text_color=&#8221;gcid-64690bd5-d11a-4e99-9117-585f12dc5991&#8243; text_font_size=&#8221;100px&#8221; text_line_height=&#8221;0.3em&#8221; header_font=&#8221;|||||on|||&#8221; text_orientation=&#8221;center&#8221; custom_margin=&#8221;12px||-150px|||&#8221; custom_padding=&#8221;0px||12px|||&#8221; text_font_size_tablet=&#8221;86px&#8221; text_font_size_phone=&#8221;60px&#8221; text_font_size_last_edited=&#8221;on|phone&#8221; global_colors_info=&#8221;{%22gcid-64690bd5-d11a-4e99-9117-585f12dc5991%22:%91%22text_text_color%22%93}&#8221;]<\/p>\n<p>Manicure e\u00a0<\/p>\n<p>Pedicure<\/p>\n<p>[\/et_pb_text][et_pb_text _builder_version=&#8221;4.14.9&#8243; _module_preset=&#8221;default&#8221; text_font=&#8221;Prata||||||||&#8221; text_text_color=&#8221;gcid-1c1e1332-db3e-41cc-8825-a8c70ed4b760&#8243; text_font_size=&#8221;42px&#8221; text_line_height=&#8221;1.6em&#8221; text_orientation=&#8221;center&#8221; custom_margin=&#8221;-84px||||false|false&#8221; custom_margin_tablet=&#8221;-189px||||false|false&#8221; custom_margin_phone=&#8221;-83px||||false|false&#8221; custom_margin_last_edited=&#8221;on|phone&#8221; custom_padding=&#8221;30px|||||&#8221; text_font_size_tablet=&#8221;&#8221; text_font_size_phone=&#8221;35px&#8221; text_font_size_last_edited=&#8221;on|phone&#8221; global_colors_info=&#8221;{%22gcid-1c1e1332-db3e-41cc-8825-a8c70ed4b760%22:%91%22text_text_color%22%93}&#8221;]<\/p>\n<p>Manicure e<\/p>\n<p>Pedicure<\/p>\n<p>[\/et_pb_text][\/et_pb_column][\/et_pb_row][et_pb_row disabled_on=&#8221;off|on|on&#8221; _builder_version=&#8221;4.14.9&#8243; _module_preset=&#8221;default&#8221; custom_margin=&#8221;20px||||false|false&#8221; global_colors_info=&#8221;{}&#8221;][et_pb_column type=&#8221;4_4&#8243; _builder_version=&#8221;4.14.7&#8243; _module_preset=&#8221;default&#8221; global_colors_info=&#8221;{}&#8221;][et_pb_text _builder_version=&#8221;4.14.9&#8243; _module_preset=&#8221;default&#8221; text_font=&#8221;Prata||||||||&#8221; text_text_color=&#8221;gcid-64690bd5-d11a-4e99-9117-585f12dc5991&#8243; text_font_size=&#8221;100px&#8221; text_line_height=&#8221;0.5em&#8221; header_font=&#8221;|||||on|||&#8221; text_orientation=&#8221;center&#8221; custom_margin=&#8221;12px||-150px|||&#8221; custom_padding=&#8221;||12px|||&#8221; text_font_size_tablet=&#8221;&#8221; text_font_size_phone=&#8221;60px&#8221; text_font_size_last_edited=&#8221;on|phone&#8221; global_colors_info=&#8221;{%22gcid-64690bd5-d11a-4e99-9117-585f12dc5991%22:%91%22text_text_color%22%93}&#8221;]<\/p>\n<p>Manicure e<\/p>\n<p>Pedicure<\/p>\n<p>[\/et_pb_text][et_pb_text _builder_version=&#8221;4.14.9&#8243; _module_preset=&#8221;default&#8221; text_font=&#8221;Prata||||||||&#8221; text_text_color=&#8221;gcid-1c1e1332-db3e-41cc-8825-a8c70ed4b760&#8243; text_font_size=&#8221;42px&#8221; text_line_height=&#8221;1.8em&#8221; text_orientation=&#8221;center&#8221; custom_margin=&#8221;-84px||||false|false&#8221; custom_margin_tablet=&#8221;&#8221; custom_margin_phone=&#8221;-64px||||false|false&#8221; custom_margin_last_edited=&#8221;on|phone&#8221; custom_padding=&#8221;0px|||||&#8221; text_font_size_tablet=&#8221;&#8221; text_font_size_phone=&#8221;35px&#8221; text_font_size_last_edited=&#8221;on|phone&#8221; global_colors_info=&#8221;{%22gcid-1c1e1332-db3e-41cc-8825-a8c70ed4b760%22:%91%22text_text_color%22%93}&#8221;]<\/p>\n<p>Manicure e<\/p>\n<p>Pedicure<\/p>\n<p>[\/et_pb_text][et_pb_image src=&#8221;https:\/\/www.arniestetista.it\/wp-content\/uploads\/2022\/03\/Vector-Smart-Object-Double-Click-to-Edit-e1646236046642.png&#8221; title_text=&#8221;Vector Smart Object (Double Click to Edit)&#8221; disabled_on=&#8221;on|on|on&#8221; _builder_version=&#8221;4.14.9&#8243; _module_preset=&#8221;default&#8221; custom_margin=&#8221;-132px||-62px|-183px|false|false&#8221; custom_padding=&#8221;||0px|||&#8221; sticky_position=&#8221;top&#8221; sticky_offset_top=&#8221;1px&#8221; disabled=&#8221;on&#8221; global_colors_info=&#8221;{}&#8221;][\/et_pb_image][\/et_pb_column][\/et_pb_row][et_pb_row disabled_on=&#8221;on|on|off&#8221; _builder_version=&#8221;4.14.9&#8243; _module_preset=&#8221;default&#8221; custom_margin=&#8221;20px||||false|false&#8221; global_colors_info=&#8221;{}&#8221;][et_pb_column type=&#8221;4_4&#8243; _builder_version=&#8221;4.14.7&#8243; _module_preset=&#8221;default&#8221; global_colors_info=&#8221;{}&#8221;][et_pb_text _builder_version=&#8221;4.14.9&#8243; _module_preset=&#8221;default&#8221; text_font=&#8221;Prata||||||||&#8221; text_text_color=&#8221;gcid-64690bd5-d11a-4e99-9117-585f12dc5991&#8243; text_font_size=&#8221;100px&#8221; header_font=&#8221;|||||on|||&#8221; text_orientation=&#8221;center&#8221; custom_margin=&#8221;12px|||||&#8221; custom_padding=&#8221;||12px|||&#8221; global_colors_info=&#8221;{%22gcid-64690bd5-d11a-4e99-9117-585f12dc5991%22:%91%22text_text_color%22%93}&#8221;]<\/p>\n<p>Manicure e\u00a0Pedicure<\/p>\n<p>[\/et_pb_text][et_pb_text _builder_version=&#8221;4.14.9&#8243; _module_preset=&#8221;default&#8221; text_font=&#8221;Prata||||||||&#8221; text_text_color=&#8221;gcid-1c1e1332-db3e-41cc-8825-a8c70ed4b760&#8243; text_font_size=&#8221;42px&#8221; text_line_height=&#8221;1.8em&#8221; text_orientation=&#8221;center&#8221; custom_margin=&#8221;-84px||||false|false&#8221; custom_padding=&#8221;0px|||||&#8221; global_colors_info=&#8221;{%22gcid-1c1e1332-db3e-41cc-8825-a8c70ed4b760%22:%91%22text_text_color%22%93}&#8221;]<\/p>\n<p>Manicure e\u00a0Pedicure<\/p>\n<p>[\/et_pb_text][et_pb_image src=&#8221;https:\/\/www.arniestetista.it\/wp-content\/uploads\/2022\/03\/Vector-Smart-Object-Double-Click-to-Edit-e1646236046642.png&#8221; title_text=&#8221;Vector Smart Object (Double Click to Edit)&#8221; _builder_version=&#8221;4.14.7&#8243; _module_preset=&#8221;default&#8221; width=&#8221;96%&#8221; custom_margin=&#8221;-132px||-62px|-183px|false|false&#8221; custom_padding=&#8221;||0px|||&#8221; sticky_position=&#8221;top&#8221; sticky_offset_top=&#8221;1px&#8221; global_colors_info=&#8221;{}&#8221;][\/et_pb_image][\/et_pb_column][\/et_pb_row][et_pb_row column_structure=&#8221;1_2,1_2&#8243; _builder_version=&#8221;4.14.9&#8243; _module_preset=&#8221;default&#8221; custom_margin=&#8221;|65px|||false|false&#8221; custom_padding=&#8221;30px||||false|false&#8221; module_alignment_tablet=&#8221;&#8221; module_alignment_phone=&#8221;center&#8221; module_alignment_last_edited=&#8221;on|phone&#8221; global_colors_info=&#8221;{}&#8221;][et_pb_column type=&#8221;1_2&#8243; _builder_version=&#8221;4.14.7&#8243; _module_preset=&#8221;default&#8221; global_colors_info=&#8221;{}&#8221;][et_pb_text _builder_version=&#8221;4.14.9&#8243; _module_preset=&#8221;default&#8221; text_font=&#8221;Montserrat|500||on|||||&#8221; text_text_color=&#8221;gcid-1c1e1332-db3e-41cc-8825-a8c70ed4b760&#8243; text_font_size=&#8221;30px&#8221; text_line_height=&#8221;1.2em&#8221; custom_margin=&#8221;17px|53px||-30px|false|false&#8221; custom_margin_tablet=&#8221;17px|53px||-30px|false|false&#8221; custom_margin_phone=&#8221;|0px||0px|false|true&#8221; custom_margin_last_edited=&#8221;on|phone&#8221; text_font_size_tablet=&#8221;30px&#8221; text_font_size_phone=&#8221;25px&#8221; text_font_size_last_edited=&#8221;on|phone&#8221; global_colors_info=&#8221;{%22gcid-1c1e1332-db3e-41cc-8825-a8c70ed4b760%22:%91%22text_text_color%22%93}&#8221;]<\/p>\n<p style=\"text-align: left;\"><b>||\u00a0<\/b>TECNICA DEL CAUCCI\u00f9<\/p>\n<p>[\/et_pb_text][et_pb_text _builder_version=&#8221;4.14.9&#8243; _module_preset=&#8221;default&#8221; text_font=&#8221;Montserrat|300|||||||&#8221; text_text_color=&#8221;gcid-1c1e1332-db3e-41cc-8825-a8c70ed4b760&#8243; text_font_size=&#8221;18px&#8221; text_letter_spacing=&#8221;1px&#8221; text_line_height=&#8221;1.2em&#8221; custom_margin=&#8221;|53px|64px|-30px|false|false&#8221; custom_margin_tablet=&#8221;|53px|64px|-30px|false|false&#8221; custom_margin_phone=&#8221;|0px|64px|0px|false|true&#8221; custom_margin_last_edited=&#8221;on|phone&#8221; hover_enabled=&#8221;0&#8243; text_font_tablet=&#8221;Montserrat|300|||||||&#8221; text_font_phone=&#8221;Montserrat|300|||||||&#8221; text_font_last_edited=&#8221;on|desktop&#8221; global_colors_info=&#8221;{%22gcid-1c1e1332-db3e-41cc-8825-a8c70ed4b760%22:%91%22text_text_color%22%93}&#8221; sticky_enabled=&#8221;0&#8243;]<\/p>\n<p>Il caucci\u00f9 \u00e8 un tipo di gel, a met\u00e0 tra un gel e un semipermanente, che apporta numerosi benefici all\u2019unghia naturale.<\/p>\n<p>Infatti, permette all\u2019unghia di conferire quella forza in pi\u00f9 che gli altri prodotti non procurano. Addirittura si automodella andando a livellare eventuali traumi o inestetismi dell\u2019unghia stessa. Inoltre, \u00e8 assolutamente indicata per chi soffre di onicofagia o unghia grassa.<\/p>\n<p>Grazie alla sua elevata elasticit\u00e0, non provoca sollevamenti che sono ambiente perfetto per micosi.<\/p>\n<p>[\/et_pb_text][et_pb_image src=&#8221;https:\/\/www.arniestetista.it\/wp-content\/uploads\/2022\/03\/Risorsa-4-5.png&#8221; title_text=&#8221;Risorsa 4&#8243; align=&#8221;center&#8221; disabled_on=&#8221;off|off|on&#8221; _builder_version=&#8221;4.14.9&#8243; _module_preset=&#8221;default&#8221; height=&#8221;443px&#8221; height_tablet=&#8221;443px&#8221; height_phone=&#8221;378px&#8221; height_last_edited=&#8221;on|phone&#8221; custom_margin=&#8221;-24px||-30px||false|false&#8221; custom_padding=&#8221;3px|||||&#8221; global_colors_info=&#8221;{}&#8221;][\/et_pb_image][et_pb_image src=&#8221;https:\/\/www.arniestetista.it\/wp-content\/uploads\/2022\/03\/Risorsa-7-2.png&#8221; title_text=&#8221;Risorsa 7&#8243; disabled_on=&#8221;on|on|off&#8221; _builder_version=&#8221;4.14.9&#8243; _module_preset=&#8221;default&#8221; height=&#8221;466px&#8221; custom_margin=&#8221;118px||30px||false|false&#8221; custom_padding=&#8221;0px|||||&#8221; global_colors_info=&#8221;{}&#8221;][\/et_pb_image][et_pb_text _builder_version=&#8221;4.14.9&#8243; _module_preset=&#8221;default&#8221; text_font=&#8221;Montserrat|500|||||||&#8221; text_text_color=&#8221;gcid-1c1e1332-db3e-41cc-8825-a8c70ed4b760&#8243; text_font_size=&#8221;30px&#8221; text_line_height=&#8221;1.2em&#8221; custom_margin=&#8221;84px|53px||-30px|false|false&#8221; custom_margin_tablet=&#8221;84px|53px||-30px|false|false&#8221; custom_margin_phone=&#8221;84px|0px||0px|false|true&#8221; custom_margin_last_edited=&#8221;on|phone&#8221; text_font_size_tablet=&#8221;30px&#8221; text_font_size_phone=&#8221;25px&#8221; text_font_size_last_edited=&#8221;on|phone&#8221; global_colors_info=&#8221;{%22gcid-1c1e1332-db3e-41cc-8825-a8c70ed4b760%22:%91%22text_text_color%22%93}&#8221;]<\/p>\n<p style=\"text-align: left;\"><b>||\u00a0<\/b>SMALTO SEMIPERMANENTE<\/p>\n<p>[\/et_pb_text][et_pb_text _builder_version=&#8221;4.14.9&#8243; _module_preset=&#8221;default&#8221; text_font=&#8221;Montserrat|300|||||||&#8221; text_text_color=&#8221;gcid-1c1e1332-db3e-41cc-8825-a8c70ed4b760&#8243; text_font_size=&#8221;18px&#8221; text_letter_spacing=&#8221;1px&#8221; text_line_height=&#8221;1.2em&#8221; custom_margin=&#8221;|53px|64px|-30px|false|false&#8221; custom_margin_tablet=&#8221;|53px|64px|-30px|false|false&#8221; custom_margin_phone=&#8221;|0px|64px|0px|false|true&#8221; custom_margin_last_edited=&#8221;on|phone&#8221; hover_enabled=&#8221;0&#8243; text_font_tablet=&#8221;Montserrat|300|||||||&#8221; text_font_phone=&#8221;Montserrat|300|||||||&#8221; text_font_last_edited=&#8221;on|desktop&#8221; global_colors_info=&#8221;{%22gcid-1c1e1332-db3e-41cc-8825-a8c70ed4b760%22:%91%22text_text_color%22%93}&#8221; sticky_enabled=&#8221;0&#8243;]<\/p>\n<p>Lo smalto semipermanente \u00e8 uno smalto fotoindurente, \u00e8 costituito da sostanze che a contatto con la luce UV solidificano e si induriscono dando allo smalto una resistenza e una durata di gran lunga superiore allo smalto classico.<\/p>\n<p>Vantaggi principali:<\/p>\n<p>\u00b7 La durata, una manicure con smalto semipermanente pu\u00f2 donare all\u2019unghia un aspetto impeccabile x 2 settimane;<\/p>\n<p>\u00b7 Perfetto per ogni donna perch\u00e8 \u00e8 estremamente resistente, difficilmente si sbecca e resta lucido dall\u2019applicazione fino alla rimozione;<\/p>\n<p>\u00b7 Gamma di colori con innumerevoli sfumature in modo da poter adattare lo smalto a ogni occasione e stato d\u2019animo.<\/p>\n<p>Eccovi un consiglio per avere unghie sempre sane e forti nonostante l\u2019utilizzo dello smalto semipermanente!<\/p>\n<p>La sera prima di andare a dormire nutri le mani con olio di mandorle o con una buona crema idratante.<\/p>\n<p>[\/et_pb_text][et_pb_image src=&#8221;https:\/\/www.arniestetista.it\/wp-content\/uploads\/2022\/03\/Risorsa-3-11.png&#8221; title_text=&#8221;Risorsa 3&#8243; align=&#8221;center&#8221; disabled_on=&#8221;off|off|on&#8221; _builder_version=&#8221;4.14.9&#8243; _module_preset=&#8221;default&#8221; custom_margin=&#8221;109px||||false|false&#8221; custom_margin_tablet=&#8221;109px||||false|false&#8221; custom_margin_phone=&#8221;20px||-34px||false|false&#8221; custom_margin_last_edited=&#8221;on|phone&#8221; global_colors_info=&#8221;{}&#8221;][\/et_pb_image][et_pb_image src=&#8221;https:\/\/www.arniestetista.it\/wp-content\/uploads\/2022\/03\/Risorsa-3-7.png&#8221; title_text=&#8221;Risorsa 3&#8243; disabled_on=&#8221;on|on|off&#8221; _builder_version=&#8221;4.14.9&#8243; _module_preset=&#8221;default&#8221; custom_margin=&#8221;69px||||false|false&#8221; global_colors_info=&#8221;{}&#8221;][\/et_pb_image][\/et_pb_column][et_pb_column type=&#8221;1_2&#8243; _builder_version=&#8221;4.14.7&#8243; _module_preset=&#8221;default&#8221; global_colors_info=&#8221;{}&#8221;][et_pb_image src=&#8221;https:\/\/www.arniestetista.it\/wp-content\/uploads\/2022\/03\/Risorsa-4-5.png&#8221; title_text=&#8221;Risorsa 4&#8243; disabled_on=&#8221;on|on|off&#8221; _builder_version=&#8221;4.14.9&#8243; _module_preset=&#8221;default&#8221; height=&#8221;443px&#8221; custom_margin=&#8221;-24px||||false|false&#8221; custom_padding=&#8221;3px|||||&#8221; global_colors_info=&#8221;{}&#8221;][\/et_pb_image][et_pb_text _builder_version=&#8221;4.14.9&#8243; _module_preset=&#8221;default&#8221; text_font=&#8221;Montserrat|500|||||||&#8221; text_text_color=&#8221;gcid-1c1e1332-db3e-41cc-8825-a8c70ed4b760&#8243; text_font_size=&#8221;30px&#8221; text_line_height=&#8221;1.2em&#8221; custom_margin=&#8221;61px|53px||-30px|false|false&#8221; custom_margin_tablet=&#8221;61px|53px||-30px|false|false&#8221; custom_margin_phone=&#8221;61px|0px||0px|false|true&#8221; custom_margin_last_edited=&#8221;on|phone&#8221; text_font_size_tablet=&#8221;30px&#8221; text_font_size_phone=&#8221;25px&#8221; text_font_size_last_edited=&#8221;on|phone&#8221; global_colors_info=&#8221;{%22gcid-1c1e1332-db3e-41cc-8825-a8c70ed4b760%22:%91%22text_text_color%22%93}&#8221;]<\/p>\n<p style=\"text-align: left;\"><b>|| <\/b>MANICURE E PEDICURE<br \/>IN GEL<\/p>\n<p>[\/et_pb_text][et_pb_text _builder_version=&#8221;4.14.9&#8243; _module_preset=&#8221;default&#8221; text_font=&#8221;Montserrat|300|||||||&#8221; text_text_color=&#8221;gcid-1c1e1332-db3e-41cc-8825-a8c70ed4b760&#8243; text_font_size=&#8221;18px&#8221; text_letter_spacing=&#8221;1px&#8221; text_line_height=&#8221;1.2em&#8221; custom_margin=&#8221;|53px|58px|-30px|false|false&#8221; custom_margin_tablet=&#8221;|53px|58px|-30px|false|false&#8221; custom_margin_phone=&#8221;|0px|58px|0px|false|true&#8221; custom_margin_last_edited=&#8221;on|phone&#8221; hover_enabled=&#8221;0&#8243; text_font_tablet=&#8221;Montserrat|300|||||||&#8221; text_font_phone=&#8221;Montserrat|300|||||||&#8221; text_font_last_edited=&#8221;on|desktop&#8221; global_colors_info=&#8221;{%22gcid-1c1e1332-db3e-41cc-8825-a8c70ed4b760%22:%91%22text_text_color%22%93}&#8221; sticky_enabled=&#8221;0&#8243;]<\/p>\n<p>La manicure in gel \u00e8 una delle tecniche migliori per sfoggiare una nail art perfetta e pi\u00f9 duratura.<\/p>\n<p>La manicure in gel, infatti, permette sia la ricostruzione delle unghie allungandole o semplicemente una copertura dell\u2019unghia con il gel, senza lavorare sulla lunghezza.<\/p>\n<p>Cambia il risultato ma non la durata, che varia da un minimo di 2 a un massimo di 5 settimane<\/p>\n<p>Le unghie appariranno subito: pi\u00f9 curate; pi\u00f9 belle.<\/p>\n<p>&nbsp;<\/p>\n<p>[\/et_pb_text][et_pb_image src=&#8221;https:\/\/www.arniestetista.it\/wp-content\/uploads\/2022\/03\/Risorsa-7-2.png&#8221; title_text=&#8221;Risorsa 7&#8243; disabled_on=&#8221;off|off|on&#8221; _builder_version=&#8221;4.14.9&#8243; _module_preset=&#8221;default&#8221; height=&#8221;466px&#8221; height_tablet=&#8221;466px&#8221; height_phone=&#8221;347px&#8221; height_last_edited=&#8221;on|phone&#8221; custom_margin=&#8221;43px||30px||false|false&#8221; custom_margin_tablet=&#8221;43px||30px||false|false&#8221; custom_margin_phone=&#8221;11px||6px||false|false&#8221; custom_margin_last_edited=&#8221;on|phone&#8221; custom_padding=&#8221;0px|||||&#8221; global_colors_info=&#8221;{}&#8221;][\/et_pb_image][et_pb_image src=&#8221;https:\/\/www.arniestetista.it\/wp-content\/uploads\/2022\/03\/Risorsa-3-11.png&#8221; title_text=&#8221;Risorsa 3&#8243; disabled_on=&#8221;on|on|off&#8221; _builder_version=&#8221;4.14.9&#8243; _module_preset=&#8221;default&#8221; custom_margin=&#8221;201px||||false|false&#8221; global_colors_info=&#8221;{}&#8221;][\/et_pb_image][et_pb_text _builder_version=&#8221;4.14.9&#8243; _module_preset=&#8221;default&#8221; text_font=&#8221;Montserrat|500||on|||||&#8221; text_text_color=&#8221;gcid-1c1e1332-db3e-41cc-8825-a8c70ed4b760&#8243; text_font_size=&#8221;30px&#8221; text_line_height=&#8221;1.2em&#8221; custom_margin=&#8221;359px|53px||-30px|false|false&#8221; custom_margin_tablet=&#8221;359px|53px||-30px|false|false&#8221; custom_margin_phone=&#8221;48px|0px||0px|false|true&#8221; custom_margin_last_edited=&#8221;on|phone&#8221; text_font_size_tablet=&#8221;30px&#8221; text_font_size_phone=&#8221;25px&#8221; text_font_size_last_edited=&#8221;on|phone&#8221; global_colors_info=&#8221;{%22gcid-1c1e1332-db3e-41cc-8825-a8c70ed4b760%22:%91%22text_text_color%22%93}&#8221;]<\/p>\n<p style=\"text-align: left;\"><b>||\u00a0<\/b>I NOSTRI COLORI<\/p>\n<p>[\/et_pb_text][et_pb_text _builder_version=&#8221;4.14.9&#8243; _module_preset=&#8221;default&#8221; text_font=&#8221;Montserrat|300|||||||&#8221; text_text_color=&#8221;gcid-1c1e1332-db3e-41cc-8825-a8c70ed4b760&#8243; text_font_size=&#8221;18px&#8221; text_letter_spacing=&#8221;1px&#8221; text_line_height=&#8221;1.2em&#8221; custom_margin=&#8221;|53px|64px|-30px|false|false&#8221; custom_margin_tablet=&#8221;|53px|64px|-30px|false|false&#8221; custom_margin_phone=&#8221;|0px|64px|0px|false|true&#8221; custom_margin_last_edited=&#8221;on|phone&#8221; hover_enabled=&#8221;0&#8243; text_font_tablet=&#8221;Montserrat|300|||||||&#8221; text_font_phone=&#8221;Montserrat|300|||||||&#8221; text_font_last_edited=&#8221;on|desktop&#8221; global_colors_info=&#8221;{%22gcid-1c1e1332-db3e-41cc-8825-a8c70ed4b760%22:%91%22text_text_color%22%93}&#8221; sticky_enabled=&#8221;0&#8243;]<\/p>\n<p>Puoi scegliere tra decine di colori per la tua manicure e cura delle unghie?<\/p>\n<p>Il nostro colore pi\u00f9 gettonato? Il color lavanda! Lo chiedono in tantissime, \u00e8 un colore che sta bene su qualsiasi outfit e d\u00e0 quel tocco in pi\u00f9 sull\u2019unghia, che apparir\u00e0 pi\u00f9 curata e giovanile!<\/p>\n<p>[\/et_pb_text][et_pb_image src=&#8221;https:\/\/www.arniestetista.it\/wp-content\/uploads\/2022\/03\/Risorsa-3-7.png&#8221; title_text=&#8221;Risorsa 3&#8243; align=&#8221;center&#8221; disabled_on=&#8221;off|off|on&#8221; _builder_version=&#8221;4.14.9&#8243; _module_preset=&#8221;default&#8221; custom_margin=&#8221;69px||||false|false&#8221; global_colors_info=&#8221;{}&#8221;][\/et_pb_image][\/et_pb_column][\/et_pb_row][\/et_pb_section]<\/p>\n","protected":false},"excerpt":{"rendered":"<p>Manicure e\u00a0 PedicureManicure e PedicureManicure e PedicureManicure e PedicureManicure e\u00a0PedicureManicure e\u00a0Pedicure||\u00a0TECNICA DEL CAUCCI\u00f9Il caucci\u00f9 \u00e8 un tipo di gel, a met\u00e0 tra un gel e un semipermanente, che apporta numerosi benefici all\u2019unghia naturale. Infatti, permette all\u2019unghia di conferire quella forza in pi\u00f9 che gli altri prodotti non procurano. Addirittura si automodella andando a livellare eventuali [&hellip;]<\/p>\n","protected":false},"author":3,"featured_media":0,"parent":0,"menu_order":0,"comment_status":"closed","ping_status":"closed","template":"","meta":{"_et_pb_use_builder":"on","_et_pb_old_content":"","_et_gb_content_width":"","footnotes":""},"class_list":["post-286","page","type-page","status-publish","hentry"],"_links":{"self":[{"href":"https:\/\/www.arniestetista.it\/index.php?rest_route=\/wp\/v2\/pages\/286","targetHints":{"allow":["GET"]}}],"collection":[{"href":"https:\/\/www.arniestetista.it\/index.php?rest_route=\/wp\/v2\/pages"}],"about":[{"href":"https:\/\/www.arniestetista.it\/index.php?rest_route=\/wp\/v2\/types\/page"}],"author":[{"embeddable":true,"href":"https:\/\/www.arniestetista.it\/index.php?rest_route=\/wp\/v2\/users\/3"}],"replies":[{"embeddable":true,"href":"https:\/\/www.arniestetista.it\/index.php?rest_route=%2Fwp%2Fv2%2Fcomments&post=286"}],"version-history":[{"count":40,"href":"https:\/\/www.arniestetista.it\/index.php?rest_route=\/wp\/v2\/pages\/286\/revisions"}],"predecessor-version":[{"id":1777,"href":"https:\/\/www.arniestetista.it\/index.php?rest_route=\/wp\/v2\/pages\/286\/revisions\/1777"}],"wp:attachment":[{"href":"https:\/\/www.arniestetista.it\/index.php?rest_route=%2Fwp%2Fv2%2Fmedia&parent=286"}],"curies":[{"name":"wp","href":"https:\/\/api.w.org\/{rel}","templated":true}]}}